{"id":18083,"date":"2018-03-13T13:39:33","date_gmt":"2018-03-13T12:39:33","guid":{"rendered":"http:\/\/weingut-dona.com\/prod\/colophone\/"},"modified":"2024-12-03T08:34:17","modified_gmt":"2024-12-03T07:34:17","slug":"colophone","status":"publish","type":"page","link":"https:\/\/weingut-dona.com\/prod\/it\/colophone\/","title":{"rendered":"Colophone"},"content":{"rendered":"<p>Colophone<\/p>\n<p>\u00a9 Copyright<br \/>\nFamigliaDon\u00e0<\/p>\n<h3>Weingut don\u00e0<\/h3>\n<p>Riva di Sotto 73<br \/>\n39057 Appiano<br \/>\nS\u00fcdtirol &#8211; Italien<\/p>\n<p>Tel.: +39 335 605 87 33<br \/>\n<a href=\"mailto:info@weingut-dona.com\">info@weingut-dona.com<\/a><\/p>\n<p>Part.IVA IT01682690217<br \/>\nCIN: IT021004B5GYZ5P8J8<\/p>\n<h3>Foto:<\/h3>\n<p>Florian Andergassen<br \/>\nHeppenheimerstrasse 30<br \/>\n39052 Kaltern | S\u00fcdtirol<\/p>\n<p><a class=\"mail\" href=\"mailto:foto@florianandergassen.com\">foto@florianandergassen.com<br \/>\n<\/a>tel: +39 339 7559763<\/p>\n<p>Art Direction<br \/>\njuwin.com<br \/>\nwinkelweg 59<br \/>\n39012 Meran<\/p>\n<p>Tel.: +39 338\/1691970<br \/>\ninfo@juwin.com<\/p>\n","protected":false},"excerpt":{"rendered":"<p>Colophone \u00a9 Copyright FamigliaDon\u00e0 Weingut don\u00e0 Riva di Sotto 73 39057 Appiano S\u00fcdtirol &#8211; Italien Tel.: +39 335 605 87 33 info@weingut-dona.com Part.IVA IT01682690217 CIN:&#8230;<\/p>\n","protected":false},"author":2,"featured_media":0,"parent":0,"menu_order":0,"comment_status":"closed","ping_status":"closed","template":"","meta":{"footnotes":""},"publishpress_future_action":{"enabled":false,"date":"1970-01-01 01:00:00","action":"","terms":[],"taxonomy":"","browser_timezone_offset":0},"_links":{"self":[{"href":"https:\/\/weingut-dona.com\/prod\/wp-json\/wp\/v2\/pages\/18083"}],"collection":[{"href":"https:\/\/weingut-dona.com\/prod\/wp-json\/wp\/v2\/pages"}],"about":[{"href":"https:\/\/weingut-dona.com\/prod\/wp-json\/wp\/v2\/types\/page"}],"author":[{"embeddable":true,"href":"https:\/\/weingut-dona.com\/prod\/wp-json\/wp\/v2\/users\/2"}],"replies":[{"embeddable":true,"href":"https:\/\/weingut-dona.com\/prod\/wp-json\/wp\/v2\/comments?post=18083"}],"version-history":[{"count":5,"href":"https:\/\/weingut-dona.com\/prod\/wp-json\/wp\/v2\/pages\/18083\/revisions"}],"predecessor-version":[{"id":19038,"href":"https:\/\/weingut-dona.com\/prod\/wp-json\/wp\/v2\/pages\/18083\/revisions\/19038"}],"wp:attachment":[{"href":"https:\/\/weingut-dona.com\/prod\/wp-json\/wp\/v2\/media?parent=18083"}],"curies":[{"name":"wp","href":"https:\/\/api.w.org\/{rel}","templated":true}]}}