{"id":16897,"date":"2017-02-26T19:44:37","date_gmt":"2017-02-26T18:44:37","guid":{"rendered":"http:\/\/weingut-dona.com\/prod\/cantina\/"},"modified":"2022-10-25T12:04:02","modified_gmt":"2022-10-25T10:04:02","slug":"cantina","status":"publish","type":"page","link":"https:\/\/weingut-dona.com\/prod\/it\/cantina\/","title":{"rendered":"Cantina"},"content":{"rendered":"<div class=\"wpb-content-wrapper\"><p>[vc_row css_animation=&#8220;&#8220; row_type=&#8220;row&#8220; use_row_as_full_screen_section=&#8220;no&#8220; type=&#8220;grid&#8220; angled_section=&#8220;no&#8220; text_align=&#8220;left&#8220; background_image_as_pattern=&#8220;without_pattern&#8220; padding_top=&#8220;87&#8243; padding_bottom=&#8220;34&#8243;][vc_column][vc_column_text]<\/p>\n<h2 style=\"text-align: center;\">Vino \u2013 una filosofia di vita.<\/h2>\n<p style=\"text-align: center;\">Secondo questo principio e grazie al proprio bagaglio di esperienza, la famiglia Don\u00e0 si prende cura del proprio vigneto. Con grande gioia, impegno e competenza, oltre ad una evidente lungimiranza imprenditoriale, nascono vini di qualit\u00e0 dal gusto inconfondibile, ricavati dalla coltivazione delle viti tradizionali che \u00e8 svolta con moderne e delicate tecnologie di produzione finalizzata a porre l\u2019accento sulla massima qualit\u00e0.<\/p>\n<p>[\/vc_column_text][vc_separator type=&#8220;transparent&#8220; up=&#8220;35&#8243; down=&#8220;22&#8243;][vc_single_image image=&#8220;16264&#8243; img_size=&#8220;full&#8220; alignment=&#8220;center&#8220; qode_css_animation=&#8220;element_from_bottom&#8220; transition_delay=&#8220;0.3&#8243;][\/vc_column][\/vc_row][vc_row css_animation=&#8220;&#8220; row_type=&#8220;row&#8220; use_row_as_full_screen_section=&#8220;no&#8220; type=&#8220;full_width&#8220; angled_section=&#8220;no&#8220; text_align=&#8220;left&#8220; background_image_as_pattern=&#8220;without_pattern&#8220;][vc_column][vc_single_image image=&#8220;16368&#8243; img_size=&#8220;full&#8220; qode_css_animation=&#8220;&#8220;][vc_separator type=&#8220;transparent&#8220; up=&#8220;20&#8243; down=&#8220;20&#8243;][\/vc_column][\/vc_row][vc_row css_animation=&#8220;&#8220; row_type=&#8220;row&#8220; use_row_as_full_screen_section=&#8220;no&#8220; type=&#8220;full_width&#8220; header_style=&#8220;dark&#8220; anchor=&#8220;#weine&#8220; in_content_menu=&#8220;in_content_menu&#8220; content_menu_title=&#8220;Unsere Weine&#8220; content_menu_icon=&#8220;&#8220; angled_section=&#8220;no&#8220; text_align=&#8220;left&#8220; background_image=&#8220;13861&#8243; background_image_as_pattern=&#8220;without_pattern&#8220;][vc_column][vc_row_inner row_type=&#8220;row&#8220; type=&#8220;full_width&#8220; text_align=&#8220;left&#8220; css_animation=&#8220;&#8220;][vc_column_inner width=&#8220;1\/2&#8243;][vc_single_image image=&#8220;16370&#8243; img_size=&#8220;full&#8220; qode_css_animation=&#8220;&#8220;][\/vc_column_inner][vc_column_inner width=&#8220;1\/2&#8243;][vc_column_text]Macerazione carbonica nella botte di Tonneau aperta e movimento a mano a seconda del tipo di uva e annata anche pi\u00f9 volte al giorno.[\/vc_column_text][\/vc_column_inner][\/vc_row_inner][vc_separator type=&#8220;transparent&#8220; up=&#8220;20&#8243; down=&#8220;20&#8243;][vc_row_inner row_type=&#8220;row&#8220; type=&#8220;full_width&#8220; text_align=&#8220;left&#8220; css_animation=&#8220;&#8220;][vc_column_inner width=&#8220;1\/2&#8243;][vc_column_text]<\/p>\n<p style=\"text-align: left;\">I nostri vini bianchi e rossi maturano in botti di rovere Tonneau di 500 l.<\/p>\n<p style=\"text-align: left;\">Il contatto del vino sulle fecce di lievito fino \u00e8 molto importante.<\/p>\n<p>[\/vc_column_text][\/vc_column_inner][vc_column_inner width=&#8220;1\/2&#8243;][vc_single_image image=&#8220;16369&#8243; img_size=&#8220;full&#8220; qode_css_animation=&#8220;&#8220;][\/vc_column_inner][\/vc_row_inner][vc_separator type=&#8220;transparent&#8220; up=&#8220;35&#8243; down=&#8220;22&#8243;][vc_column_text]<\/p>\n<h2 style=\"text-align: center;\">I VARI TIPI DI VINO<\/h2>\n<p style=\"text-align: center;\">I vini della tenuta Don\u00e0 riflettono la totalit\u00e0 e la tipicit\u00e0 dovuti alla vite, al terreno, al microclima, agli uomini, all\u2018ubicazione e all\u2018annata specifica. Qui, i vitigni di Pinot Bianco, di Charodonnay, cos\u00ec come della Vernaccia, del Merlot e del Lagrein autoctono trovano le condizioni ambientali ideali per maturare. L\u2019uva di qualit\u00e0 \u00e8 trasformata con competenza ed esperienza in un vino autentico con carattere.<\/p>\n<p>[\/vc_column_text][vc_separator type=&#8220;transparent&#8220; up=&#8220;20&#8243; down=&#8220;20&#8243;][vc_single_image image=&#8220;18593&#8243; img_size=&#8220;medium&#8220; alignment=&#8220;center&#8220; onclick=&#8220;custom_link&#8220; img_link_target=&#8220;_blank&#8220; qode_css_animation=&#8220;element_from_left&#8220; link=&#8220;https:\/\/www.eppanwein.it\/indexit&#8220;][vc_separator type=&#8220;transparent&#8220; up=&#8220;35&#8243; down=&#8220;22&#8243;][\/vc_column][\/vc_row][vc_row css_animation=&#8220;&#8220; row_type=&#8220;row&#8220; use_row_as_full_screen_section=&#8220;no&#8220; type=&#8220;full_width&#8220; header_style=&#8220;dark&#8220; anchor=&#8220;#weine&#8220; in_content_menu=&#8220;in_content_menu&#8220; content_menu_title=&#8220;Unsere Weine&#8220; content_menu_icon=&#8220;&#8220; angled_section=&#8220;no&#8220; text_align=&#8220;left&#8220; background_image=&#8220;13861&#8243; background_image_as_pattern=&#8220;without_pattern&#8220; background_color=&#8220;#ece9dc&#8220;][vc_column][vc_separator type=&#8220;transparent&#8220; up=&#8220;35&#8243; down=&#8220;22&#8243;][vc_column_text]<\/p>\n<h2 class=\"entry-title\" style=\"text-align: center;\">Il piacere del vino<\/h2>\n<p>&nbsp;<\/p>\n<div class=\"entry-content\" style=\"text-align: center;\">Chi seguir\u00e0 alcune semplici regole durante la degustazione del vino riuscir\u00e0 ben presto a distinguere la qualit\u00e0 di vino preferita e potr\u00e0 abbandonarsi ad un mondo di gusti e di profumi. Venite a trovarci per degustate i nostri vini in un ambiente mediterraneo. Assaggiate, date un vostro parere e rilassatevi.<\/div>\n<p>[\/vc_column_text][vc_separator type=&#8220;transparent&#8220; up=&#8220;20&#8243; down=&#8220;20&#8243;][vc_separator type=&#8220;transparent&#8220; up=&#8220;35&#8243; down=&#8220;22&#8243;][\/vc_column][\/vc_row]<\/p>\n<\/div>","protected":false},"excerpt":{"rendered":"<p>[vc_row css_animation=&#8220;&#8220; row_type=&#8220;row&#8220; use_row_as_full_screen_section=&#8220;no&#8220; type=&#8220;grid&#8220; angled_section=&#8220;no&#8220; text_align=&#8220;left&#8220; background_image_as_pattern=&#8220;without_pattern&#8220; padding_top=&#8220;87&#8243; padding_bottom=&#8220;34&#8243;][vc_column][vc_column_text] Vino \u2013 una filosofia di vita. Secondo questo principio e grazie al proprio bagaglio di&#8230;<\/p>\n","protected":false},"author":2,"featured_media":0,"parent":0,"menu_order":0,"comment_status":"closed","ping_status":"closed","template":"","meta":{"footnotes":""},"publishpress_future_action":{"enabled":false,"date":"1970-01-01 01:00:00","action":"","terms":[],"taxonomy":"","browser_timezone_offset":0},"_links":{"self":[{"href":"https:\/\/weingut-dona.com\/prod\/wp-json\/wp\/v2\/pages\/16897"}],"collection":[{"href":"https:\/\/weingut-dona.com\/prod\/wp-json\/wp\/v2\/pages"}],"about":[{"href":"https:\/\/weingut-dona.com\/prod\/wp-json\/wp\/v2\/types\/page"}],"author":[{"embeddable":true,"href":"https:\/\/weingut-dona.com\/prod\/wp-json\/wp\/v2\/users\/2"}],"replies":[{"embeddable":true,"href":"https:\/\/weingut-dona.com\/prod\/wp-json\/wp\/v2\/comments?post=16897"}],"version-history":[{"count":8,"href":"https:\/\/weingut-dona.com\/prod\/wp-json\/wp\/v2\/pages\/16897\/revisions"}],"predecessor-version":[{"id":18600,"href":"https:\/\/weingut-dona.com\/prod\/wp-json\/wp\/v2\/pages\/16897\/revisions\/18600"}],"wp:attachment":[{"href":"https:\/\/weingut-dona.com\/prod\/wp-json\/wp\/v2\/media?parent=16897"}],"curies":[{"name":"wp","href":"https:\/\/api.w.org\/{rel}","templated":true}]}}