{"id":16850,"date":"2017-02-26T17:48:55","date_gmt":"2017-02-26T16:48:55","guid":{"rendered":"http:\/\/weingut-dona.com\/prod\/appartamenti\/"},"modified":"2026-03-05T21:07:21","modified_gmt":"2026-03-05T20:07:21","slug":"appartamenti","status":"publish","type":"page","link":"https:\/\/weingut-dona.com\/prod\/it\/appartamenti\/","title":{"rendered":"Appartamenti"},"content":{"rendered":"<div class=\"wpb-content-wrapper\"><p>[vc_row css_animation=&#8220;&#8220; row_type=&#8220;row&#8220; use_row_as_full_screen_section=&#8220;yes&#8220; type=&#8220;full_width&#8220; header_style=&#8220;dark&#8220; in_content_menu=&#8220;in_content_menu&#8220; content_menu_icon=&#8220;&#8220; angled_section=&#8220;no&#8220; text_align=&#8220;center&#8220; background_image=&#8220;13861&#8243; background_image_as_pattern=&#8220;without_pattern&#8220; background_color=&#8220;#ece9dc&#8220;][vc_column][vc_btn title=&#8220;PRENOTA&#8220; style=&#8220;custom&#8220; custom_background=&#8220;#b09a5e&#8220; custom_text=&#8220;#ffffff&#8220; shape=&#8220;round&#8220; align=&#8220;right&#8220; link=&#8220;url:https%3A%2F%2Fweingut-dona.com%2Fprod%2Fit%2Fprenotazione%2F&#8220; el_class=&#8220;button-kreis&#8220;][vc_separator type=&#8220;transparent&#8220; up=&#8220;35&#8243; down=&#8220;22&#8243;][vc_single_image image=&#8220;17627&#8243; img_size=&#8220;full&#8220; alignment=&#8220;center&#8220; qode_css_animation=&#8220;element_from_fade&#8220; transition_delay=&#8220;0.3&#8243;][vc_separator type=&#8220;transparent&#8220; up=&#8220;35&#8243; down=&#8220;22&#8243;][vc_column_text]<\/p>\n<h2 style=\"text-align: center;\"><a href=\"https:\/\/weingut-dona.com\/prod\/it\/detail\/appartamenti-vacanze-in-legno-naturale\/\">AMBIENTE MEDITERRANEO CIRCONDATO DAI VITIGNI<\/a><\/h2>\n<p style=\"text-align: center;\">I nostri nuovi appartamenti vacanze offrono una magnifica vista sull\u2019affascinante mondo alpino delle Dolomiti.<\/p>\n<p style=\"text-align: center;\">Qui potrete trascorrere una vacanza spensierata.<\/p>\n<p style=\"text-align: center;\">Per noi sarebbe un vero piacere darvi il benvenuto nella nostra casa!<\/p>\n<p>[\/vc_column_text][vc_separator type=&#8220;transparent&#8220; up=&#8220;35&#8243; down=&#8220;22&#8243;][vc_column_text]<\/p>\n<div id=\"rhLogoCont\" style=\"text-align: center;\"><\/div>\n<p><script src=\"https:\/\/www.gallorosso.it\/it\/get-farm-logo-code\/?cnt=4218\"><\/script>[\/vc_column_text][vc_separator type=&#8220;transparent&#8220; up=&#8220;35&#8243; down=&#8220;22&#8243;][vc_single_image image=&#8220;18699&#8243; img_size=&#8220;full&#8220; alignment=&#8220;center&#8220; qode_css_animation=&#8220;element_from_bottom&#8220; transition_delay=&#8220;0.3&#8243;][vc_separator type=&#8220;transparent&#8220; up=&#8220;35&#8243; down=&#8220;22&#8243;][vc_single_image image=&#8220;17629&#8243; img_size=&#8220;full&#8220; alignment=&#8220;center&#8220; qode_css_animation=&#8220;element_from_left&#8220; transition_delay=&#8220;0.3&#8243;][\/vc_column][\/vc_row][vc_row css_animation=&#8220;element_from_left&#8220; row_type=&#8220;row&#8220; use_row_as_full_screen_section=&#8220;yes&#8220; type=&#8220;grid&#8220; header_style=&#8220;dark&#8220; angled_section=&#8220;no&#8220; text_align=&#8220;left&#8220; background_image_as_pattern=&#8220;without_pattern&#8220; border_color=&#8220;#ffffff&#8220;][vc_column][vc_empty_space]<div class='qode_image_gallery_no_space '><div class='qode_image_gallery_holder' style='height: 500px;'><ul  ><li  ><div style=\"height: 500px; width:1200px;\"><a target=\"_self\" href=\"https:\/\/weingut-dona.com\/prod\/it\/detail\/appartamenti-vacanze-in-legno-naturale\/\"><img src=\"https:\/\/weingut-dona.com\/wp-content\/uploads\/Andergassen-web-1053.jpg\" alt=\"FERIENWOHNUNGEN IN NATURHOL\" \/><\/a><\/div><\/li><li  ><div style=\"height: 500px; width:1200px;\"><img src=\"https:\/\/weingut-dona.com\/wp-content\/uploads\/Andergassen-web-1048.jpg\" alt=\"FERIENWOHNUNGEN IN NATURHOL\" \/><\/div><\/li><li  ><div style=\"height: 500px; width:1200px;\"><img src=\"https:\/\/weingut-dona.com\/wp-content\/uploads\/Andergassen-web-1066-1.jpg\" alt=\"\" \/><\/div><\/li><li  ><div style=\"height: 500px; width:1200px;\"><img src=\"https:\/\/weingut-dona.com\/wp-content\/uploads\/Andergassen-web-1049.jpg\" alt=\"FERIENWOHNUNGEN IN NATURHOL\" \/><\/div><\/li><li  ><div style=\"height: 500px; width:1200px;\"><img src=\"https:\/\/weingut-dona.com\/wp-content\/uploads\/Andergassen-web-1051.jpg\" alt=\"FERIENWOHNUNGEN IN NATURHOL\" \/><\/div><\/li><li  ><div style=\"height: 500px; width:1200px;\"><img src=\"https:\/\/weingut-dona.com\/wp-content\/uploads\/Andergassen-web-1061.jpg\" alt=\"Garten\" \/><\/div><\/li><\/ul><\/div><div class=\"controls\"><a class=\"prev-slide\" href=\"#\"><span><i class=\"fa fa-angle-left\"><\/i><\/span><\/a><a class=\"next-slide\" href=\"#\"><span><i class=\"fa fa-angle-right\"><\/i><\/span><\/a><\/div><\/div>[vc_empty_space][vc_column_text]<\/p>\n<h2 class=\"p1\" style=\"text-align: center;\">APPARTAMENTI IN LEGNO NATURALE<\/h2>\n<p class=\"p1\" style=\"text-align: center;\">Gli appartamenti sono composti da soggiorno e stanza con letti separati, bagno con doccia\/bidet\/WC\/finestra. L\u2019appartamento pu\u00f2 ospitare fino a 4 persone. Gli appartamenti sono dotati di una bella terrazza con magnifica vista sui vitigni e sulle Dolomiti, di una cucina bianca con rivestimenti in granito, angolo salotto, Aria condizionata, TV a schermo piatto, guardaroba e balcone coperto.<\/p>\n<p class=\"p1\" style=\"text-align: center;\"><em>Grandezza 40 m\u00b2 &#8211; <\/em>max. 4 persone<\/p>\n<p>[\/vc_column_text][vc_empty_space][vc_btn title=&#8220;Richiesta&#8220; color=&#8220;chino&#8220; align=&#8220;center&#8220; link=&#8220;url:https%3A%2F%2Fweingut-dona.com%2Fprod%2Fit%2Fcontatto%2F|||&#8220;][vc_btn title=&#8220;Calcolo del prezzo&#8220; color=&#8220;chino&#8220; align=&#8220;center&#8220; link=&#8220;url:https%3A%2F%2Fweingut-dona.com%2Fprod%2Fit%2Fprenotazione%2F&#8220;][\/vc_column][\/vc_row][vc_row row_type=&#8220;expandable&#8220; header_style=&#8220;dark&#8220; anchor=&#8220;angebot&#8220; text_align=&#8220;center&#8220; css=&#8220;.vc_custom_1581465957299{padding-top: 0px !important;padding-right: 0px !important;padding-bottom: 0px !important;padding-left: 0px !important;}&#8220;][vc_column][vc_column_text]<\/p>\n<h2 style=\"text-align: center;\">Offerte<\/h2>\n<h3 style=\"text-align: center;\">Workation \u2013 Long Stay<\/h3>\n<p style=\"text-align: center;\"><i>ONE WEEK BONUS -5%<br \/>\nTWO WEEKS BONUS -10%<br \/>\nLONG STAY BONUS -15%<\/i><\/p>\n<p>[\/vc_column_text][vc_empty_space height=&#8220;60&#8243;]<div class='blog_slider_holder clearfix '><div class='blog_slider blog_slider_carousel'><ul class='blog_slides'>Sorry, no posts matched your criteria.<\/ul><ul class=\"caroufredsel-direction-nav\"><li><a id=\"caroufredsel-prev\" class=\"caroufredsel-prev\" href=\"#\"><div><i class=\"fa fa-angle-left\"><\/i><\/div><\/a><\/li><li><a class=\"caroufredsel-next\" id=\"caroufredsel-next\" href=\"#\"><div><i class=\"fa fa-angle-right\"><\/i><\/div><\/a><\/li><\/ul><\/div><\/div>[vc_empty_space height=&#8220;60&#8243;]<div class='latest_post_holder boxes three_columns one_row'><ul><\/ul><\/div>[\/vc_column][\/vc_row][vc_row css_animation=&#8220;&#8220; row_type=&#8220;row&#8220; use_row_as_full_screen_section=&#8220;no&#8220; type=&#8220;grid&#8220; header_style=&#8220;dark&#8220; anchor=&#8220;preise&#8220; angled_section=&#8220;no&#8220; text_align=&#8220;left&#8220; background_image_as_pattern=&#8220;without_pattern&#8220; background_color=&#8220;#dad2bc&#8220; el_id=&#8220;listino prezzi&#8220;][vc_column][vc_empty_space height=&#8220;80&#8243;][vc_column_text]<\/p>\n<h2 style=\"text-align: center;\">Buono a sapersi<\/h2>\n<p>[\/vc_column_text][vc_empty_space height=&#8220;30&#8243;][vc_column_text css=&#8220;.vc_custom_1772741234901{border-radius: 15px !important;}&#8220;]I prezzi per <strong>l\u2019appartamento vacanze<\/strong> s\u2019intendono per 2 persone al giorno senza vitto.<\/p>\n<p><strong>Adults ONLY<\/strong><\/p>\n<p>Diamo un caloroso benvenuto ai bambini <strong>dai 12 anni in su<\/strong>.<br \/>\nPer ogni persona in pi\u00f9 sono35,00 Euro a persona al giorno.<\/p>\n<p>La <strong>tassa di soggiorno<\/strong> \u00e8 di 2,50 \u20ac al giorno a persona. I bambini e i giovani sotto i 14 anni sono esentati da questa tassa.<\/p>\n<p><strong>Cani su richiesta<\/strong>. Negli appartamenti vacanze i cani sono i benvenuti. <strong>Tassa per i cani<\/strong> \u20ac 14,00<\/p>\n<p>I letti sono pronti e sono a disposizione <strong>asciugamani,\u00a0biancheria e panni<\/strong>.<\/p>\n<p>Il giorno d\u2019arrivo la camera \u00e8 disponibile dalle ore 14:00. Il giorno della partenza siete pregati di liberare la camera alle ore 10:00.<\/p>\n<p>In <strong>alta stagione<\/strong> il soggiorno minimo \u00e8 di 7 notti. Previo accordi, durante la bassa stagione \u00e8 possibile prenotare soggiorni brevi.<br \/>\n<strong>Parcheggio privato, wifi, la biancheria e asciugamani <\/strong>sono inclusi nel prezzo.<\/p>\n<p><strong>Sdrai per prendere il sole si trovano nel giardino.<\/strong><\/p>\n<p><strong>Pagamento:<\/strong> in contanti, con carta di credito oppure una settimana prima dell\u2019arrivo tramite bonifico bancario \u201cNome e Cognome della prenotazione\u201d sul seguente conto:<br \/>\nWeingut Don\u00e1 Hansj\u00f6rg Don\u00e1<br \/>\nIBAN: IT 73W 08134 58561 000301230841<br \/>\nSWIFT: RZSBIT21118<\/p>\n<p>&nbsp;<\/p>\n<p><span style=\"text-decoration: underline;\"><strong>Servizi inclusi:<\/strong><\/span><\/p>\n<ul>\n<li>un parcheggio privato<\/li>\n<li class=\"western\">Wifi gratuito<\/li>\n<li>Aria condizionata<\/li>\n<li class=\"western\">tutta la biancheria, asciugamani<\/li>\n<li class=\"western\">cambio asciugamani<\/li>\n<li>pulizia finale<\/li>\n<li class=\"western\">garage per le biciclette<\/li>\n<li class=\"western\"><a href=\"https:\/\/www.eppan.com\/it\/appiano\/contatti-informazioni-1\/guestcards\" target=\"_blank\" rel=\"noopener\">Alto Adige Guest Pass<\/a>: Viaggi gratuiti su tutti i mezzi di trasporto pubblico in Alto Adige<\/li>\n<li class=\"western\">degustazione di vini nella cantina privata<\/li>\n<li class=\"western\">sdrai per prendere il sole sulla terrazza soleggiata<\/li>\n<\/ul>\n<p>[\/vc_column_text][\/vc_column][\/vc_row][vc_row css_animation=&#8220;&#8220; row_type=&#8220;row&#8220; use_row_as_full_screen_section=&#8220;no&#8220; type=&#8220;grid&#8220; header_style=&#8220;dark&#8220; anchor=&#8220;preise&#8220; angled_section=&#8220;no&#8220; text_align=&#8220;left&#8220; background_image_as_pattern=&#8220;without_pattern&#8220; background_color=&#8220;#dad2bc&#8220;][vc_column][vc_empty_space height=&#8220;80&#8243;][vc_column_text css=&#8220;.vc_custom_1759834546479{border-radius: 15px !important;}&#8220;]<\/p>\n<h2>Workation \u2013 Long Stay<\/h2>\n<p><span style=\"font-family: Calibri Light, serif; font-size: x-large;\"><i>ONE WEEK BONUS -5%<br \/>\nTWO WEEKS BONUS -10%<br \/>\nLONG STAY BONUS -15%<\/i><\/span><\/p>\n<p>&nbsp;<\/p>\n<div id=\"attachment_19089\" style=\"width: 693px\" class=\"wp-caption alignleft\"><a href=\"http:\/\/weingut-dona.com\/wp-content\/uploads\/giornate-di-relax-it.png\"><img aria-describedby=\"caption-attachment-19089\" decoding=\"async\" loading=\"lazy\" class=\"size-large wp-image-19089\" src=\"http:\/\/weingut-dona.com\/wp-content\/uploads\/giornate-di-relax-it-683x1024.png\" alt=\"Da 3 notti vi regaliamo 2 ore gratis alla Terme Merano\" width=\"683\" height=\"1024\" srcset=\"https:\/\/weingut-dona.com\/wp-content\/uploads\/giornate-di-relax-it-683x1024.png 683w, https:\/\/weingut-dona.com\/wp-content\/uploads\/giornate-di-relax-it-200x300.png 200w, https:\/\/weingut-dona.com\/wp-content\/uploads\/giornate-di-relax-it-768x1152.png 768w, https:\/\/weingut-dona.com\/wp-content\/uploads\/giornate-di-relax-it-700x1050.png 700w, https:\/\/weingut-dona.com\/wp-content\/uploads\/giornate-di-relax-it.png 1024w\" sizes=\"(max-width: 683px) 100vw, 683px\" \/><\/a><p id=\"caption-attachment-19089\" class=\"wp-caption-text\">Da 3 notti vi regaliamo 2 ore gratis alla Terme Merano<\/p><\/div>\n<p>[\/vc_column_text][vc_empty_space height=&#8220;80&#8243;][\/vc_column][\/vc_row][vc_row css_animation=&#8220;&#8220; row_type=&#8220;row&#8220; use_row_as_full_screen_section=&#8220;no&#8220; type=&#8220;grid&#8220; header_style=&#8220;dark&#8220; angled_section=&#8220;no&#8220; text_align=&#8220;left&#8220; background_image_as_pattern=&#8220;without_pattern&#8220; background_color=&#8220;#ffffff&#8220;][vc_column][vc_empty_space][vc_column_text]<\/p>\n<h4 style=\"text-align: center;\">Per i nostri ospiti<\/h4>\n<p>[\/vc_column_text][vc_empty_space][vc_row_inner row_type=&#8220;row&#8220; type=&#8220;grid&#8220; text_align=&#8220;left&#8220; padding_bottom=&#8220;35&#8243; css_animation=&#8220;&#8220;][vc_column_inner width=&#8220;1\/2&#8243;][vc_column_text]<\/p>\n<ul>\n<li><strong>Wi-Fi, conessione Internet:<\/strong><br \/>\nIl servizio Wi-Fi \u00e9 a Sua disposizione gratuitamente.<\/li>\n<li><strong>Aria condizionata<\/strong><\/li>\n<li><strong>La nostra\u00a0biblioteca:<\/strong> Nella loggia abbiamo messo a disposizione diverso materiale informativo sulla regione e la cultura e diversi libri di escursioni, storie e leggende altoatesine, romanzi di ogni genere e libri a riguardo.<\/li>\n<li><strong>Divertimento e Relax per i nostri ospiti: <\/strong>Sia per una vacanza in famiglia, culturale o avventurosa: decida Lei come trascorre il Suo tempo qui da noi! Si rilassi sulla nostra terrazza, sulle nostre sedie a sdraio. Godetevi la loggia, un posto meraviglioso ove poterVi rilassare e goderVi colazione o cena a Vostro piacimento.<\/li>\n<\/ul>\n<p>[\/vc_column_text][\/vc_column_inner][vc_column_inner width=&#8220;1\/2&#8243;][vc_column_text]<\/p>\n<ul>\n<li><strong>Giardino delle spezie Don\u00e1:<\/strong>\u00a0i nostri\u00a0ospiti\u00a0si possono\u00a0servire direttamente presso il nostro giardino di spezie:Erba cipollina, rosmarino, basilico, timo,\u00a0prezzemolo, melissa al limone, origano, salvia e lavanda.<\/li>\n<li style=\"text-align: left;\"><strong>Prendere il sole al Vigneto:\u00a0<\/strong>Nella loggia troverete die lettini, che sono a Vostra disposizione.<\/li>\n<\/ul>\n<ul>\n<li style=\"text-align: left;\"><strong>Visita della cantina<\/strong> e <strong>degustazione di vini\u00a0settimanali<\/strong> con il padrone di casa, enologo Hansj\u00f6rg Don\u00e1, per il piacere di parlare di argomenti professionali e stare insieme.<\/li>\n<li style=\"text-align: left;\"><strong>Vi interessa la vita e il lavoro di\u00a0un maso? <\/strong>Volentieri vi informaiamo.<\/li>\n<\/ul>\n<p>[\/vc_column_text][\/vc_column_inner][\/vc_row_inner][\/vc_column][\/vc_row][vc_row css_animation=&#8220;&#8220; row_type=&#8220;row&#8220; use_row_as_full_screen_section=&#8220;no&#8220; type=&#8220;full_width&#8220; header_style=&#8220;dark&#8220; angled_section=&#8220;no&#8220; text_align=&#8220;left&#8220; background_image_as_pattern=&#8220;without_pattern&#8220; background_color=&#8220;#dad2bc&#8220;][vc_column][vc_empty_space][vc_column_text]<\/p>\n<h4 style=\"text-align: center;\">\u00a0I nostri servizi aggiuntivi<\/h4>\n<p>[\/vc_column_text][vc_empty_space height=&#8220;16&#8243;][vc_row_inner row_type=&#8220;row&#8220; type=&#8220;grid&#8220; text_align=&#8220;left&#8220; padding_bottom=&#8220;35&#8243; css_animation=&#8220;&#8220;][vc_column_inner width=&#8220;1\/2&#8243;][vc_column_text]<\/p>\n<ul>\n<li><strong>D&#8217;ora in poi i nostri ospiti ricevono l\u2019Alto Adige Guest Pass: <\/strong><a href=\"https:\/\/www.eppan.com\/it\/appiano\/contatti-informazioni-1\/guestcards\" target=\"_blank\" rel=\"noopener\">informazioni sull&#8216; Alto Adige Guest Pass Digital sono disponibili qui.<\/a><strong><br \/>\n<\/strong><\/li>\n<li><strong>Possibilit\u00e1 di lavare ed asciugare:<\/strong> \u00e8 possibile usufruire della nostra lavatrice ed asciugatrice. Nel caso La preghiamo di contattare la padrona di casa.<\/li>\n<li><strong>Servizio navetta: <\/strong>Il servizio di navetto viene offerto della casa, sia per l\u2019arrivo che per la partenza.<br \/>\n<a href=\"https:\/\/clevertransfer.eu\/it\/\" target=\"_blank\" rel=\"noopener\">Transfer dall&#8217;aeroporto<\/a><\/li>\n<li><strong>Informazioni generali per la mobilit\u00e0:<\/strong> Sotto la tettoia della terrazza troverete i vari orari per il trasporto pubblico.<\/li>\n<li><strong>Frutta fresca del maso:\u00a0<\/strong>Per i nostri clienti abbiamo a disposizione zone separate dove potrete godervi dolci frutti d\u2019autunno. Basta chiedere alla signora Martina o al signor Hansj\u00f6rg dove poter raccoglieregli. In estate potrete assaggiare i nostri Ribes.<\/li>\n<li><strong>Libro degli ospiti:<\/strong> Troverete il nostro libro sotto la tettoia della terrazza. Ci farebbe piacere sentire la Vostra cortese opinione.<\/li>\n<\/ul>\n<p>[\/vc_column_text][\/vc_column_inner][vc_column_inner width=&#8220;1\/2&#8243;][vc_column_text]<\/p>\n<ul>\n<li style=\"text-align: left;\"><strong>Cesto della colazione:\u00a0<\/strong>Offriamo un cesto della colazione con diversi tipi di pane, burro, marmellata fatta in casa (disponibile nel nostro shop), succo di mela (disponibile nel nostro shop), torte fatte in casa, pane fatto in casa, spalmabile alle erbe, spalmabile alla frutta (fatto in casa), speck altoatesino, formaggio di malga, pietanze a base di uova a scelta, yogurt, muesli e latte fresco, cosi come caff\u00e8 e t\u00e8 alle erbe (prodotto casereccio).La colazione viene servita dalle ore 8.00 alle 10.00.Il cesto della colazione costa 30,00 Euro a persona e deve essere prenotato entro le ore 12,00 del giorno precedente.<\/li>\n<li style=\"text-align: left;\"><strong>Escursioni settimanali:\u00a0<\/strong>Franziska Don\u00e0 organizza ogni settimana gite o\u00a0escursioni alla scoperta di posti speciali in Alto Adige.<br \/>\nPartecipanti min.\u00a0 4 persone (25 Euro\/persona) previa iscrizioni nella loggia.<\/li>\n<\/ul>\n<p>[\/vc_column_text][\/vc_column_inner][\/vc_row_inner][\/vc_column][\/vc_row][vc_row css_animation=&#8220;&#8220; row_type=&#8220;row&#8220; use_row_as_full_screen_section=&#8220;no&#8220; type=&#8220;full_width&#8220; angled_section=&#8220;no&#8220; text_align=&#8220;left&#8220; background_image_as_pattern=&#8220;without_pattern&#8220;][vc_column][vc_empty_space height=&#8220;32&#8243;][\/vc_column][vc_column][vc_raw_js]JTNDb2RoLWhvd3RvYXJyaXZlaW5zb3V0aHR5cm9sLXdpZGdldCUyMGRhdGEtY29sb3IlM0QlMjIlMjMzMzMlMjIlMjBkYXRhLWxhbmclM0QlMjJpdCUyMiUzRSUzQyUyRm9kaC1ob3d0b2Fycml2ZWluc291dGh0eXJvbC13aWRnZXQlM0UlMEElM0NzY3JpcHQlMjBzcmMlM0QlMjJodHRwcyUzQSUyRiUyRmNkbi53ZWJjb21wb25lbnRzLm9wZW5kYXRhaHViLmJ6Lml0JTJGZGlzdCUyRmU3NDMwMjZhLWU1M2QtNDg5OC1iODg2LWUwYWMxZDlhMGM0OCUyRndpZGdldC5qcyUyMiUzRSUzQyUyRnNjcmlwdCUzRQ==[\/vc_raw_js][\/vc_column][\/vc_row][vc_row css_animation=&#8220;&#8220; row_type=&#8220;row&#8220; use_row_as_full_screen_section=&#8220;yes&#8220; type=&#8220;grid&#8220; anchor=&#8220;familienbetriebe&#8220; angled_section=&#8220;no&#8220; text_align=&#8220;center&#8220; background_image_as_pattern=&#8220;without_pattern&#8220;][vc_column][vc_empty_space height=&#8220;120px&#8220;][\/vc_column][\/vc_row][vc_row css_animation=&#8220;&#8220; row_type=&#8220;row&#8220; use_row_as_full_screen_section=&#8220;no&#8220; type=&#8220;full_width&#8220; angled_section=&#8220;no&#8220; text_align=&#8220;left&#8220; background_image_as_pattern=&#8220;without_pattern&#8220;][vc_column][\/vc_column][\/vc_row]<\/p>\n<\/div>","protected":false},"excerpt":{"rendered":"<p>[vc_row css_animation=&#8220;&#8220; row_type=&#8220;row&#8220; use_row_as_full_screen_section=&#8220;yes&#8220; type=&#8220;full_width&#8220; header_style=&#8220;dark&#8220; in_content_menu=&#8220;in_content_menu&#8220; content_menu_icon=&#8220;&#8220; angled_section=&#8220;no&#8220; text_align=&#8220;center&#8220; background_image=&#8220;13861&#8243; background_image_as_pattern=&#8220;without_pattern&#8220; background_color=&#8220;#ece9dc&#8220;][vc_column][vc_btn title=&#8220;PRENOTA&#8220; style=&#8220;custom&#8220; custom_background=&#8220;#b09a5e&#8220; custom_text=&#8220;#ffffff&#8220; shape=&#8220;round&#8220; align=&#8220;right&#8220; link=&#8220;url:https%3A%2F%2Fweingut-dona.com%2Fprod%2Fit%2Fprenotazione%2F&#8220; el_class=&#8220;button-kreis&#8220;][vc_separator type=&#8220;transparent&#8220; up=&#8220;35&#8243; down=&#8220;22&#8243;][vc_single_image image=&#8220;17627&#8243;&#8230;<\/p>\n","protected":false},"author":2,"featured_media":0,"parent":0,"menu_order":0,"comment_status":"closed","ping_status":"closed","template":"full_width.php","meta":{"footnotes":""},"publishpress_future_action":{"enabled":false,"date":"1970-01-01 01:00:00","action":"","terms":[],"taxonomy":"","browser_timezone_offset":0},"_links":{"self":[{"href":"https:\/\/weingut-dona.com\/prod\/wp-json\/wp\/v2\/pages\/16850"}],"collection":[{"href":"https:\/\/weingut-dona.com\/prod\/wp-json\/wp\/v2\/pages"}],"about":[{"href":"https:\/\/weingut-dona.com\/prod\/wp-json\/wp\/v2\/types\/page"}],"author":[{"embeddable":true,"href":"https:\/\/weingut-dona.com\/prod\/wp-json\/wp\/v2\/users\/2"}],"replies":[{"embeddable":true,"href":"https:\/\/weingut-dona.com\/prod\/wp-json\/wp\/v2\/comments?post=16850"}],"version-history":[{"count":101,"href":"https:\/\/weingut-dona.com\/prod\/wp-json\/wp\/v2\/pages\/16850\/revisions"}],"predecessor-version":[{"id":19099,"href":"https:\/\/weingut-dona.com\/prod\/wp-json\/wp\/v2\/pages\/16850\/revisions\/19099"}],"wp:attachment":[{"href":"https:\/\/weingut-dona.com\/prod\/wp-json\/wp\/v2\/media?parent=16850"}],"curies":[{"name":"wp","href":"https:\/\/api.w.org\/{rel}","templated":true}]}}