{"id":16642,"date":"2017-02-23T01:13:45","date_gmt":"2017-02-23T00:13:45","guid":{"rendered":"http:\/\/weingut-dona.com\/prod\/?page_id=16642"},"modified":"2024-06-17T11:38:41","modified_gmt":"2024-06-17T09:38:41","slug":"eppan-2","status":"publish","type":"page","link":"https:\/\/weingut-dona.com\/prod\/eppan-2\/","title":{"rendered":"Eppan"},"content":{"rendered":"<div class=\"wpb-content-wrapper\"><p>[vc_row css_animation=&#8220;&#8220; row_type=&#8220;row&#8220; use_row_as_full_screen_section=&#8220;no&#8220; type=&#8220;grid&#8220; angled_section=&#8220;no&#8220; text_align=&#8220;left&#8220; background_image_as_pattern=&#8220;without_pattern&#8220;][vc_column][vc_column_text]<\/p>\n<h2 style=\"text-align: center;\"><a href=\"http:\/\/www.eppan.com\/de\/eppan-an-der-weinstra\u00dfe\/1-0.html\" target=\"_blank\" rel=\"noopener noreferrer\">Ferienregion<br \/>\nEppan an der Weinstra\u00dfe<\/a><\/h2>\n<p>[\/vc_column_text][\/vc_column][\/vc_row][vc_row css_animation=&#8220;&#8220; row_type=&#8220;row&#8220; use_row_as_full_screen_section=&#8220;no&#8220; type=&#8220;grid&#8220; in_content_menu=&#8220;in_content_menu&#8220; content_menu_icon=&#8220;&#8220; angled_section=&#8220;no&#8220; text_align=&#8220;left&#8220; background_image_as_pattern=&#8220;without_pattern&#8220; row_negative_margin=&#8220;disable_negative_margin&#8220; padding_top=&#8220;87&#8243; padding_bottom=&#8220;34&#8243;][vc_column width=&#8220;1\/6&#8243;][\/vc_column][vc_column width=&#8220;2\/3&#8243;][vc_column_text]<\/p>\n<p style=\"text-align: center;\">Ist Eppan an der Weinstra\u00dfe auch Ihre neue Urlaubsadresse?<\/p>\n<p style=\"text-align: center;\">Verst\u00e4ndlich! Zwischen Bergen, W\u00e4ldern, Wiesen und Weinbergen gelegen, pr\u00e4sentiert sich <strong>Eppan an der Weinstra\u00dfe<\/strong> seinen G\u00e4sten sehr vielf\u00e4ltig. Sport, Natur und Genuss verbinden sich hier zu einem aufregenden Ganzen und machen die Weind\u00f6rfer im sonnigen S\u00fcden S\u00fcdtirols zu einem ganz besonderen Ort. Zu einem Ort, der bestimmt ist f\u00fcr Erholung!<\/p>\n<p style=\"text-align: center;\">Der Charme <strong>historischer Ansitze<\/strong> und <strong>malerischer Reblandschaften<\/strong> laden zum Verweilen ein, da vergessen auch Sie sofort den Alltag und sind sogleich in Urlaubsstimmung.<\/p>\n<p>[\/vc_column_text][\/vc_column][vc_column width=&#8220;1\/6&#8243;][\/vc_column][\/vc_row][vc_row css_animation=&#8220;&#8220; row_type=&#8220;row&#8220; use_row_as_full_screen_section=&#8220;no&#8220; type=&#8220;grid&#8220; angled_section=&#8220;no&#8220; text_align=&#8220;left&#8220; background_image_as_pattern=&#8220;without_pattern&#8220;][vc_column][vc_empty_space height=&#8220;30px&#8220;][vc_single_image image=&#8220;17970&#8243; img_size=&#8220;full&#8220; alignment=&#8220;center&#8220; qode_css_animation=&#8220;&#8220;][vc_empty_space height=&#8220;10px&#8220;][\/vc_column][\/vc_row][vc_row css_animation=&#8220;&#8220; row_type=&#8220;row&#8220; use_row_as_full_screen_section=&#8220;no&#8220; type=&#8220;grid&#8220; angled_section=&#8220;no&#8220; text_align=&#8220;left&#8220; background_image_as_pattern=&#8220;without_pattern&#8220;][vc_column][vc_empty_space height=&#8220;40px&#8220;][vc_column_text]<\/p>\n<h2 style=\"text-align: center;\"><a href=\"http:\/\/www.eppan.com\/de\/aktivurlaub-s\u00fcdtirol\/18-0.html\" target=\"_blank\" rel=\"noopener noreferrer\">Freizeit und Aktiv in Eppan und Umgebung<\/a><\/h2>\n<p>[\/vc_column_text][\/vc_column][\/vc_row][vc_row css_animation=&#8220;&#8220; row_type=&#8220;row&#8220; use_row_as_full_screen_section=&#8220;no&#8220; type=&#8220;grid&#8220; header_style=&#8220;light&#8220; angled_section=&#8220;no&#8220; text_align=&#8220;left&#8220; background_image_as_pattern=&#8220;without_pattern&#8220; padding_top=&#8220;30&#8243; padding_bottom=&#8220;30&#8243;][vc_column width=&#8220;1\/3&#8243;][vc_single_image image=&#8220;17272&#8243; img_size=&#8220;medium&#8220; alignment=&#8220;center&#8220; qode_css_animation=&#8220;&#8220;][vc_empty_space height=&#8220;10px&#8220;][vc_column_text]<\/p>\n<p style=\"text-align: center;\"><strong>Golfer<\/strong> aufgepasst!<\/p>\n<p style=\"text-align: center;\">In nur 2 Minuten zu Fu\u00df sind Sie<\/p>\n<p style=\"text-align: center;\">beim neuesten <strong>Golfplatz<\/strong> S\u00fcdtirols<\/p>\n<p style=\"text-align: center;\">Blue Monster in Unterrain\/Eppan an der Weinstra\u00dfe<\/p>\n<p style=\"text-align: center;\"><a href=\"http:\/\/www.golfinsuedtirol.it\/de\/golfclubs\/suedtiroler-golfplaetze\/golfclub-eppan\" target=\"_blank\" rel=\"noopener noreferrer\">mehr Infos<\/a><\/p>\n<p>[\/vc_column_text][\/vc_column][vc_column width=&#8220;1\/3&#8243;][vc_single_image image=&#8220;16751&#8243; img_size=&#8220;medium&#8220; alignment=&#8220;center&#8220; qode_css_animation=&#8220;&#8220;][vc_empty_space height=&#8220;10px&#8220;][vc_column_text]<\/p>\n<p style=\"text-align: center;\">Die sch\u00f6nsten <strong>Wanderrouten<\/strong> finden Sie <a href=\"http:\/\/www.eppan.com\/de\/erlebnisse-aktivit%C3%A4ten\/biken-wandern-aktiv\/wandern\/wandertouren\/41-0.html\" target=\"_blank\" rel=\"noopener noreferrer\">hier<\/a><\/p>\n<h2 style=\"text-align: center;\"><\/h2>\n<p>[\/vc_column_text][\/vc_column][vc_column width=&#8220;1\/3&#8243;][vc_single_image image=&#8220;16732&#8243; img_size=&#8220;medium&#8220; alignment=&#8220;center&#8220; qode_css_animation=&#8220;&#8220;][vc_empty_space height=&#8220;10px&#8220;][vc_column_text]<\/p>\n<p style=\"text-align: center;\"><strong>Badeseen im S\u00fcden S\u00fcdtirols<\/strong><\/p>\n<p style=\"text-align: center;\">Der kleine <a href=\"http:\/\/www.eppan.com\/de\/blog\/himmlische-montiggler-seen\/145-1945.html\" target=\"_blank\" rel=\"noopener noreferrer\"><strong>Montiggler See<\/strong><\/a> ist nur 8 Autominuten<br \/>\nvom Weingut Don\u00e0 entfernt.<\/p>\n<p style=\"text-align: center;\">Den <strong><a href=\"http:\/\/www.eppan.com\/de\/erlebnisse-aktivit%C3%A4ten\/der-kalterer-see\/10-1015.html\" target=\"_blank\" rel=\"noopener noreferrer\">Kalterer See<\/a><\/strong> erreichen Sie in 15 Autominuten.<\/p>\n<p>[\/vc_column_text][\/vc_column][\/vc_row][vc_row css_animation=&#8220;&#8220; row_type=&#8220;row&#8220; use_row_as_full_screen_section=&#8220;no&#8220; type=&#8220;grid&#8220; header_style=&#8220;light&#8220; angled_section=&#8220;no&#8220; text_align=&#8220;left&#8220; background_image_as_pattern=&#8220;without_pattern&#8220; padding_top=&#8220;30&#8243; padding_bottom=&#8220;30&#8243;][vc_column width=&#8220;1\/3&#8243;][vc_single_image image=&#8220;16733&#8243; img_size=&#8220;medium&#8220; alignment=&#8220;center&#8220; qode_css_animation=&#8220;&#8220;][vc_empty_space height=&#8220;10px&#8220;][vc_column_text]<\/p>\n<p style=\"text-align: center;\">Eppan an der Weinstra\u00dfe mit dem <a href=\"http:\/\/: http:\/\/www.eppan.com\/de\/bikeurlaub-s%C3%BCdtirol\/21-0.html\" target=\"_blank\" rel=\"noopener noreferrer\"><strong>Fahrrad <\/strong><\/a>erleben<\/p>\n<p>[\/vc_column_text][\/vc_column][vc_column width=&#8220;1\/3&#8243;][vc_single_image image=&#8220;17160&#8243; img_size=&#8220;medium&#8220; alignment=&#8220;center&#8220; qode_css_animation=&#8220;&#8220;][vc_empty_space height=&#8220;10px&#8220;][vc_column_text]<\/p>\n<p style=\"text-align: center;\"><strong><u>Burgen &amp; Schl\u00f6sser<\/u><\/strong><\/p>\n<p style=\"text-align: center;\">Eppan an der Weinstra\u00dfe ist bekannt f\u00fcr seine Burgen und Schl\u00f6sser. Allein 180 Burgen, Schl\u00f6sser und Ansitze befinden sich in Eppan an der S\u00fcdtiroler Weinstra\u00dfe. Europas gro\u00dfe Kunstepochen treffen in den herrschaftlichen Geb\u00e4uden der Weinregion aufeinander.<\/p>\n<p style=\"text-align: center;\"><!--more--><\/p>\n<p style=\"text-align: center;\">Gleich hinter dem Weingut Don\u00e1 startet die <a href=\"http:\/\/www.eppan.com\/de\/erlebnisse-aktivit%C3%A4ten\/drei-burgen-wanderung\/10-4812.html\" target=\"_blank\" rel=\"noopener noreferrer\"><strong>Drei Burgen Wanderung<\/strong>: <\/a><\/p>\n<p style=\"text-align: center;\">Schloss Hocheppan, Schloss Boymont und Schloss Korb<\/p>\n<p>[\/vc_column_text][\/vc_column][vc_column width=&#8220;1\/3&#8243;][vc_single_image image=&#8220;16732&#8243; img_size=&#8220;medium&#8220; alignment=&#8220;center&#8220; qode_css_animation=&#8220;&#8220;][vc_empty_space height=&#8220;10px&#8220;][vc_column_text]<\/p>\n<p style=\"text-align: center;\"><strong>Mobilit\u00e4t <\/strong><\/p>\n<p style=\"text-align: center;\">Der Citybus \u2013 Haltestelle<br \/>\nin 2 Gehminuten:<br \/>\n<strong><a href=\"http:\/\/eppan.travel\/de\/service\/oeffentlicher-nahverkehr\/citybus-eppan\/\" target=\"_blank\" rel=\"noopener noreferrer\">Fahrplan<\/a><\/strong><\/p>\n<p style=\"text-align: center;\">Zugbahnhof in Terlan \u2013<br \/>\n10 Autominuten entfernt:<br \/>\n<strong><a href=\"https:\/\/www.sii.bz.it\/sites\/default\/files\/424032_ta_bahn_0.pdf\" target=\"_blank\" rel=\"noopener noreferrer\">Fahrplan<\/a><\/strong><\/p>\n<p>[\/vc_column_text][\/vc_column][\/vc_row][vc_row css_animation=&#8220;&#8220; row_type=&#8220;row&#8220; use_row_as_full_screen_section=&#8220;no&#8220; type=&#8220;full_width&#8220; angled_section=&#8220;no&#8220; text_align=&#8220;left&#8220; background_image_as_pattern=&#8220;without_pattern&#8220;][vc_column][vc_empty_space height=&#8220;120px&#8220;][\/vc_column][\/vc_row]<\/p>\n<\/div>","protected":false},"excerpt":{"rendered":"<p>[vc_row css_animation=&#8220;&#8220; row_type=&#8220;row&#8220; use_row_as_full_screen_section=&#8220;no&#8220; type=&#8220;grid&#8220; angled_section=&#8220;no&#8220; text_align=&#8220;left&#8220; background_image_as_pattern=&#8220;without_pattern&#8220;][vc_column][vc_column_text] Ferienregion Eppan an der Weinstra\u00dfe [\/vc_column_text][\/vc_column][\/vc_row][vc_row css_animation=&#8220;&#8220; row_type=&#8220;row&#8220; use_row_as_full_screen_section=&#8220;no&#8220; type=&#8220;grid&#8220; in_content_menu=&#8220;in_content_menu&#8220; content_menu_icon=&#8220;&#8220; angled_section=&#8220;no&#8220; text_align=&#8220;left&#8220; background_image_as_pattern=&#8220;without_pattern&#8220; row_negative_margin=&#8220;disable_negative_margin&#8220; padding_top=&#8220;87&#8243;&#8230;<\/p>\n","protected":false},"author":2,"featured_media":0,"parent":0,"menu_order":0,"comment_status":"closed","ping_status":"closed","template":"","meta":{"footnotes":""},"publishpress_future_action":{"enabled":false,"date":"1970-01-01 01:00:00","action":"","terms":[],"taxonomy":"","browser_timezone_offset":0},"_links":{"self":[{"href":"https:\/\/weingut-dona.com\/prod\/wp-json\/wp\/v2\/pages\/16642"}],"collection":[{"href":"https:\/\/weingut-dona.com\/prod\/wp-json\/wp\/v2\/pages"}],"about":[{"href":"https:\/\/weingut-dona.com\/prod\/wp-json\/wp\/v2\/types\/page"}],"author":[{"embeddable":true,"href":"https:\/\/weingut-dona.com\/prod\/wp-json\/wp\/v2\/users\/2"}],"replies":[{"embeddable":true,"href":"https:\/\/weingut-dona.com\/prod\/wp-json\/wp\/v2\/comments?post=16642"}],"version-history":[{"count":25,"href":"https:\/\/weingut-dona.com\/prod\/wp-json\/wp\/v2\/pages\/16642\/revisions"}],"predecessor-version":[{"id":19031,"href":"https:\/\/weingut-dona.com\/prod\/wp-json\/wp\/v2\/pages\/16642\/revisions\/19031"}],"wp:attachment":[{"href":"https:\/\/weingut-dona.com\/prod\/wp-json\/wp\/v2\/media?parent=16642"}],"curies":[{"name":"wp","href":"https:\/\/api.w.org\/{rel}","templated":true}]}}