{"id":16593,"date":"2017-02-03T14:58:15","date_gmt":"2017-02-03T13:58:15","guid":{"rendered":"http:\/\/weingut-dona.com\/prod\/?page_id=16593"},"modified":"2023-07-21T08:18:52","modified_gmt":"2023-07-21T06:18:52","slug":"datenschutz","status":"publish","type":"page","link":"https:\/\/weingut-dona.com\/prod\/datenschutz\/","title":{"rendered":"Datenschutz"},"content":{"rendered":"<p><strong>Sehr geehrte Damen und Herren,<\/strong><br \/>\ndas Dlvo Nr. 196\/2003 (italienischer Datenschutzkodex) sieht den Schutz von Personen und anderen Subjekten bei der Verarbeitung der pers\u00f6nlichen Daten vor. Im Sinne des Gesetzes werden Ihre Daten von uns korrekt und vertraulich behandelt.<\/p>\n<p>Im Sinne des Art. 13 des Dlvo Nr. 196\/2003 teilen wir Ihnen mit:<br \/>\nWeingut don\u00e0, Unterrain 73, 39056 St. Pauls \/Eppan, S\u00fcdtirol &#8211; Italien, Tel. +39 335 605 87 33 \u00a0verwendet die von Ihnen erhobenen Daten f\u00fcr die Zusendung von Werbemails und Rundschreiben. Die Daten werden zu diesem Zweck elektronisch verarbeitet und gespeichert. Die Aush\u00e4ndigung Ihrer Daten ist freiwillig. Ihre Daten werden nicht an Dritte weitergegeben oder verbreitet.<br \/>\nF\u00fcr die Datenverarbeitung ist Frau Martina Don\u00e0\u00a0verantwortlich.<\/p>\n<p>Sie k\u00f6nnen jederzeit gegen\u00fcber dem Weingut don\u00e0\u00a0Ihre Rechte im Sinne des Art. 7 des Dlvo 196\/2003 geltend machen, der an dieser Stelle vollinhaltlich wiedergegeben wird:<\/p>\n<p>Legislativdekret Nr. 196\/2003, Art. 7 &#8211; Recht auf Zugang zu den personenbezogenen Daten und andere Rechte<\/p>\n<p>1. Die betroffene Person hat das Recht, Auskunft dar\u00fcber zu erhalten, ob Daten vorhanden sind, die sie betreffen, auch dann, wenn diese noch nicht gespeichert sind; sie hat ferner das Recht, dass ihr diese Daten in verst\u00e4ndlicher Form \u00fcbermittelt werden.<\/p>\n<p>2. Die betroffene Person hat das Recht auf Auskunft \u00fcber<br \/>\na) die Herkunft der personenbezogenen Daten;<br \/>\nb) den Zweck und die Modalit\u00e4ten der Verarbeitung;<br \/>\nc) das angewandte System, falls die Daten elektronisch verarbeitet werden;<br \/>\nd) die wichtigsten Daten zur Identifizierung des Rechtsinhabers, der Verantwortlichen und des im Sinne von Artikel 5 Absatz 2 namhaft gemachten Vertreters;<br \/>\ne) die Personen oder Kategorien von Personen, denen die personenbezogenen Daten \u00fcbermittelt werden k\u00f6nnen oder die als im Staatsgebiet namhaft gemachte Vertreter, als Verantwortliche oder als Beauftragte davon Kenntnis erlangen k\u00f6nnen.<\/p>\n<p>3. Die betroffene Person hat das Recht,<br \/>\nf) die Aktualisierung, die Berichtigung oder, sofern interessiert, die Erg\u00e4nzung der Daten zu verlangen;<br \/>\ng) zu verlangen, dass widerrechtlich verarbeitete Daten gel\u00f6scht, anonymisiert oder gesperrt werden; dies gilt auch f\u00fcr Daten, deren Aufbewahrung f\u00fcr die Zwecke, f\u00fcr die sie erhoben oder sp\u00e4ter verarbeitet wurden, nicht erforderlich ist;<br \/>\nh) eine Best\u00e4tigung dar\u00fcber zu erhalten, dass die unter den Buchstaben a) und b) angegebenen Vorg\u00e4nge, auch was ihren Inhalt betrifft, jenen mitgeteilt wurden, denen die Daten \u00fcbermittelt oder bei denen sie verbreitet wurden, sofern sich dies nicht als unm\u00f6glich erweist oder der Aufwand an Mitteln im Verh\u00e4ltnis zum gesch\u00fctzten Recht unvertretbar gro\u00df w\u00e4re.<\/p>\n<p>4. Die betroffene Person hat das Recht, sich ganz oder teilweise<br \/>\na) der Verarbeitung personenbezogener Daten, die sie betreffen, aus legitimen Gr\u00fcnden zu widersetzen, auch wenn diese Daten dem Zweck der Sammlung entsprechen;<br \/>\nb) der Verarbeitung personenbezogener Daten, die sie betreffen, zu widersetzen, wenn diese Verarbeitung zum Zwecke des Versands von Werbematerial oder des Direktverkaufs, zur Markt- oder Meinungsforschung oder zur Handelsinformation erfolgt.<\/p>\n","protected":false},"excerpt":{"rendered":"<p>Sehr geehrte Damen und Herren, das Dlvo Nr. 196\/2003 (italienischer Datenschutzkodex) sieht den Schutz von Personen und anderen Subjekten bei der Verarbeitung der pers\u00f6nlichen Daten&#8230;<\/p>\n","protected":false},"author":2,"featured_media":0,"parent":0,"menu_order":0,"comment_status":"closed","ping_status":"closed","template":"","meta":{"footnotes":""},"publishpress_future_action":{"enabled":false,"date":"1970-01-01 01:00:00","action":"","terms":[],"taxonomy":"","browser_timezone_offset":0},"_links":{"self":[{"href":"https:\/\/weingut-dona.com\/prod\/wp-json\/wp\/v2\/pages\/16593"}],"collection":[{"href":"https:\/\/weingut-dona.com\/prod\/wp-json\/wp\/v2\/pages"}],"about":[{"href":"https:\/\/weingut-dona.com\/prod\/wp-json\/wp\/v2\/types\/page"}],"author":[{"embeddable":true,"href":"https:\/\/weingut-dona.com\/prod\/wp-json\/wp\/v2\/users\/2"}],"replies":[{"embeddable":true,"href":"https:\/\/weingut-dona.com\/prod\/wp-json\/wp\/v2\/comments?post=16593"}],"version-history":[{"count":2,"href":"https:\/\/weingut-dona.com\/prod\/wp-json\/wp\/v2\/pages\/16593\/revisions"}],"predecessor-version":[{"id":18925,"href":"https:\/\/weingut-dona.com\/prod\/wp-json\/wp\/v2\/pages\/16593\/revisions\/18925"}],"wp:attachment":[{"href":"https:\/\/weingut-dona.com\/prod\/wp-json\/wp\/v2\/media?parent=16593"}],"curies":[{"name":"wp","href":"https:\/\/api.w.org\/{rel}","templated":true}]}}