{"id":17378,"date":"2017-03-09T10:23:58","date_gmt":"2017-03-09T09:23:58","guid":{"rendered":"http:\/\/weingut-dona.com\/prod\/stampa\/"},"modified":"2017-11-22T16:22:20","modified_gmt":"2017-11-22T15:22:20","slug":"stampa","status":"publish","type":"page","link":"http:\/\/weingut-dona.com\/prod\/it\/stampa\/","title":{"rendered":"Stampa"},"content":{"rendered":"<div class=\"wpb-content-wrapper\"><p>[vc_row css_animation=&#8220;&#8220; row_type=&#8220;row&#8220; use_row_as_full_screen_section=&#8220;no&#8220; type=&#8220;grid&#8220; angled_section=&#8220;no&#8220; text_align=&#8220;left&#8220; background_image_as_pattern=&#8220;without_pattern&#8220;][vc_column][vc_column_text]<\/p>\n<p style=\"text-align: center;\">\n<h1 style=\"text-align: center;\">B\u00e2tonnage<\/h1>\n<p><img decoding=\"async\" loading=\"lazy\" class=\"size-medium wp-image-18002 aligncenter\" src=\"http:\/\/weingut-dona.com\/wp-content\/uploads\/Josef-Don\u00e1-B\u00e2tonnage-e1511014854203-300x152.jpg\" alt=\"\" width=\"300\" height=\"152\" srcset=\"http:\/\/weingut-dona.com\/wp-content\/uploads\/Josef-Don\u00e1-B\u00e2tonnage-e1511014854203-300x152.jpg 300w, http:\/\/weingut-dona.com\/wp-content\/uploads\/Josef-Don\u00e1-B\u00e2tonnage-e1511014854203-768x389.jpg 768w, http:\/\/weingut-dona.com\/wp-content\/uploads\/Josef-Don\u00e1-B\u00e2tonnage-e1511014854203.jpg 1024w, http:\/\/weingut-dona.com\/wp-content\/uploads\/Josef-Don\u00e1-B\u00e2tonnage-e1511014854203-700x355.jpg 700w\" sizes=\"(max-width: 300px) 100vw, 300px\" \/><\/p>\n<h6 style=\"text-align: center;\">Josef Don\u00e1 fa la b\u00e2tonnage al Terlaner Chardonnay DOC 2017<\/h6>\n<p>[\/vc_column_text][vc_empty_space height=&#8220;50&#8243;][\/vc_column][\/vc_row][vc_row css_animation=&#8220;&#8220; row_type=&#8220;row&#8220; use_row_as_full_screen_section=&#8220;no&#8220; type=&#8220;grid&#8220; angled_section=&#8220;no&#8220; text_align=&#8220;left&#8220; background_image_as_pattern=&#8220;without_pattern&#8220;][vc_column][vc_basic_grid post_type=&#8220;post&#8220; max_items=&#8220;10&#8243; item=&#8220;17470&#8243; grid_id=&#8220;vc_gid:1489071893850-588d987e-b73d-8&#8243;][\/vc_column][\/vc_row]<\/p>\n<\/div>","protected":false},"excerpt":{"rendered":"<p>[vc_row css_animation=&#8220;&#8220; row_type=&#8220;row&#8220; use_row_as_full_screen_section=&#8220;no&#8220; type=&#8220;grid&#8220; angled_section=&#8220;no&#8220; text_align=&#8220;left&#8220; background_image_as_pattern=&#8220;without_pattern&#8220;][vc_column][vc_column_text] B\u00e2tonnage Josef Don\u00e1 fa la b\u00e2tonnage al Terlaner Chardonnay DOC 2017 [\/vc_column_text][vc_empty_space height=&#8220;50&#8243;][\/vc_column][\/vc_row][vc_row css_animation=&#8220;&#8220; row_type=&#8220;row&#8220; use_row_as_full_screen_section=&#8220;no&#8220; type=&#8220;grid&#8220;&#8230;<\/p>\n","protected":false},"author":2,"featured_media":0,"parent":0,"menu_order":0,"comment_status":"closed","ping_status":"closed","template":"full_width.php","meta":{"footnotes":""},"publishpress_future_action":{"enabled":false,"date":"1970-01-01 01:00:00","action":"","terms":[],"taxonomy":"","browser_timezone_offset":0},"_links":{"self":[{"href":"http:\/\/weingut-dona.com\/prod\/wp-json\/wp\/v2\/pages\/17378"}],"collection":[{"href":"http:\/\/weingut-dona.com\/prod\/wp-json\/wp\/v2\/pages"}],"about":[{"href":"http:\/\/weingut-dona.com\/prod\/wp-json\/wp\/v2\/types\/page"}],"author":[{"embeddable":true,"href":"http:\/\/weingut-dona.com\/prod\/wp-json\/wp\/v2\/users\/2"}],"replies":[{"embeddable":true,"href":"http:\/\/weingut-dona.com\/prod\/wp-json\/wp\/v2\/comments?post=17378"}],"version-history":[{"count":7,"href":"http:\/\/weingut-dona.com\/prod\/wp-json\/wp\/v2\/pages\/17378\/revisions"}],"predecessor-version":[{"id":18037,"href":"http:\/\/weingut-dona.com\/prod\/wp-json\/wp\/v2\/pages\/17378\/revisions\/18037"}],"wp:attachment":[{"href":"http:\/\/weingut-dona.com\/prod\/wp-json\/wp\/v2\/media?parent=17378"}],"curies":[{"name":"wp","href":"https:\/\/api.w.org\/{rel}","templated":true}]}}