{"id":16590,"date":"2017-02-03T14:35:47","date_gmt":"2017-02-03T13:35:47","guid":{"rendered":"http:\/\/weingut-dona.com\/prod\/?page_id=16590"},"modified":"2024-12-03T08:36:38","modified_gmt":"2024-12-03T07:36:38","slug":"impressum","status":"publish","type":"page","link":"http:\/\/weingut-dona.com\/prod\/impressum\/","title":{"rendered":"Impressum"},"content":{"rendered":"<p>Impressum<\/p>\n<p>\u00a9 Copyright<br \/>\nFamilie Don\u00e0<\/p>\n<h3>\nWeingut don\u00e0<\/h3>\n<p>Unterrain 73<br \/>\n39057 St. Pauls-Eppan<br \/>\nS\u00fcdtirol &#8211; Italien<\/p>\n<p>Tel.: +39 335 605 87 33<br \/>\n<a href=\"mailto:info@weingut-dona.com\">info@weingut-dona.com<\/a><\/p>\n<p>MwSt.-Nr. IT01682690217<br \/>\nCIN: IT021004B5GYZ5P8J8<\/p>\n<h3>\nFoto:<\/h3>\n<p>Florian Andergassen<br \/>\nHeppenheimerstrasse 30<br \/>\n39052 Kaltern | S\u00fcdtirol<\/p>\n<p><a class=\"mail\" href=\"mailto:foto@florianandergassen.com\">foto@florianandergassen.com<br \/>\n<\/a>tel: +39 339 7559763<\/p>\n<p>Art Direction<br \/>\njuwin.com<br \/>\nwinkelweg 59<br \/>\n39012 Meran<\/p>\n<p>Tel.: +39 338\/1691970<br \/>\ninfo@juwin.com<\/p>\n","protected":false},"excerpt":{"rendered":"<p>Impressum \u00a9 Copyright Familie Don\u00e0 Weingut don\u00e0 Unterrain 73 39057 St. Pauls-Eppan S\u00fcdtirol &#8211; Italien Tel.: +39 335 605 87 33 info@weingut-dona.com MwSt.-Nr. IT01682690217 CIN:&#8230;<\/p>\n","protected":false},"author":2,"featured_media":0,"parent":0,"menu_order":0,"comment_status":"closed","ping_status":"closed","template":"","meta":{"footnotes":""},"publishpress_future_action":{"enabled":false,"date":"1970-01-01 01:00:00","action":"","terms":[],"taxonomy":"","browser_timezone_offset":0},"_links":{"self":[{"href":"http:\/\/weingut-dona.com\/prod\/wp-json\/wp\/v2\/pages\/16590"}],"collection":[{"href":"http:\/\/weingut-dona.com\/prod\/wp-json\/wp\/v2\/pages"}],"about":[{"href":"http:\/\/weingut-dona.com\/prod\/wp-json\/wp\/v2\/types\/page"}],"author":[{"embeddable":true,"href":"http:\/\/weingut-dona.com\/prod\/wp-json\/wp\/v2\/users\/2"}],"replies":[{"embeddable":true,"href":"http:\/\/weingut-dona.com\/prod\/wp-json\/wp\/v2\/comments?post=16590"}],"version-history":[{"count":10,"href":"http:\/\/weingut-dona.com\/prod\/wp-json\/wp\/v2\/pages\/16590\/revisions"}],"predecessor-version":[{"id":19040,"href":"http:\/\/weingut-dona.com\/prod\/wp-json\/wp\/v2\/pages\/16590\/revisions\/19040"}],"wp:attachment":[{"href":"http:\/\/weingut-dona.com\/prod\/wp-json\/wp\/v2\/media?parent=16590"}],"curies":[{"name":"wp","href":"https:\/\/api.w.org\/{rel}","templated":true}]}}